

































































































































































































































































{"id":51,"date":"2010-10-25T23:47:03","date_gmt":"2010-10-25T23:47:03","guid":{"rendered":"http:\/\/patxitaxi.wordpress.com\/"},"modified":"2010-10-25T23:47:03","modified_gmt":"2010-10-25T23:47:03","slug":"viptaxi","status":"publish","type":"page","link":"https:\/\/www.patxitaxi.com\/blog\/viptaxi\/","title":{"rendered":"VIPTAXI"},"content":{"rendered":"<p><a href=\"http:\/\/patxitaxi.files.wordpress.com\/2010\/10\/luxury_sedan_collection_106917_20080716.jpg\"><img loading=\"lazy\" class=\"alignright size-medium wp-image-52\" title=\"Luxury_Sedan_Collection_106917_20080716\" src=\"http:\/\/patxitaxi.files.wordpress.com\/2010\/10\/luxury_sedan_collection_106917_20080716.jpg?w=300\" alt=\"\" width=\"300\" height=\"225\" \/><\/a><\/p>\n<blockquote><p>En Patxitaxi nos esforzamos por facilitar a nuestros clientes el tipo de veh\u00edculo que desean.<\/p><\/blockquote>\n<p>Siendo muchas veces el veh\u00edculo del que nos bajamos, la primera imagen con la que se quedan nuestros posibles clientes o nuestros invitados al ser recibidos, sabemos de su importancia.<\/p>\n<div class=\"zemanta-img zemanta-action-dragged\">\n<div style=\"width: 310px\" class=\"wp-caption alignright\"><a href=\"http:\/\/commons.wikipedia.org\/wiki\/File:S-Klasse_W221.jpg\"><img loading=\"lazy\" title=\"S-Klasse (S350) W221. Fadi, Nordhorn, 2005.\" src=\"http:\/\/upload.wikimedia.org\/wikipedia\/commons\/thumb\/f\/f7\/S-Klasse_W221.jpg\/300px-S-Klasse_W221.jpg\" alt=\"S-Klasse (S350) W221. Fadi, Nordhorn, 2005.\" width=\"300\" height=\"170\" \/><\/a><p class=\"wp-caption-text\">Image via Wikipedia bajamos la primera imagen con la que se quedan nuestros posibles clientes o nuestros invitados al ser recibidos.<\/p><\/div>\n<\/div>\n<p>Por ello disponemos de Berlinas de autentico lujo para nuestros clientes mas exclusivos <a class=\"zem_slink\" title=\"Mercedes-Benz S-Class\" rel=\"thecarconnection\" href=\"http:\/\/www.thecarconnection.com\/cars\/mercedes-benz_s-class\">Mercedes S Class<\/a> y E, \u00a0que son los veh\u00edculos m\u00e1s solicitado seg\u00fan nuestra experiencia y preferiblemente en color negro o oscuro.<\/p>\n<p>Por un poco mas le miraran de otra manera&#8230;&#8230;<\/p>\n<p><a href=\"http:\/\/patxitaxi.files.wordpress.com\/2010\/10\/coche-azucarera.jpg\"><img loading=\"lazy\" class=\"size-medium wp-image-53 alignleft\" title=\"coche azucarera\" src=\"http:\/\/patxitaxi.files.wordpress.com\/2010\/10\/coche-azucarera.jpg?w=225\" alt=\"\" width=\"225\" height=\"300\" \/><\/a><\/p>\n<div><span style=\"color:#333333;font-family:'Lucida Grande', Verdana, Arial, 'Bitstream Vera Sans', sans-serif;line-height:20px;font-size:11px;border-collapse:collapse;white-space:pre-wrap;\"><br \/>\n<\/span><\/div>\n","protected":false},"excerpt":{"rendered":"<p>En Patxitaxi nos esforzamos por facilitar a nuestros clientes el tipo de veh\u00edculo que desean. Siendo muchas veces el veh\u00edculo del que nos bajamos, la primera imagen con la que se quedan nuestros posibles clientes o nuestros invitados al ser &hellip; <a href=\"https:\/\/www.patxitaxi.com\/blog\/viptaxi\/\">Continue reading <span class=\"meta-nav\">&rarr;<\/span><\/a><\/p>\n","protected":false},"author":1,"featured_media":0,"parent":0,"menu_order":0,"comment_status":"open","ping_status":"open","template":"","meta":[],"_links":{"self":[{"href":"https:\/\/www.patxitaxi.com\/blog\/wp-json\/wp\/v2\/pages\/51"}],"collection":[{"href":"https:\/\/www.patxitaxi.com\/blog\/wp-json\/wp\/v2\/pages"}],"about":[{"href":"https:\/\/www.patxitaxi.com\/blog\/wp-json\/wp\/v2\/types\/page"}],"author":[{"embeddable":true,"href":"https:\/\/www.patxitaxi.com\/blog\/wp-json\/wp\/v2\/users\/1"}],"replies":[{"embeddable":true,"href":"https:\/\/www.patxitaxi.com\/blog\/wp-json\/wp\/v2\/comments?post=51"}],"version-history":[{"count":0,"href":"https:\/\/www.patxitaxi.com\/blog\/wp-json\/wp\/v2\/pages\/51\/revisions"}],"wp:attachment":[{"href":"https:\/\/www.patxitaxi.com\/blog\/wp-json\/wp\/v2\/media?parent=51"}],"curies":[{"name":"wp","href":"https:\/\/api.w.org\/{rel}","templated":true}]}}