

































































































































































































































































{"id":6,"date":"2010-10-11T14:20:08","date_gmt":"2010-10-11T14:20:08","guid":{"rendered":"http:\/\/patxitaxi.wordpress.com\/?page_id=2"},"modified":"2010-10-11T14:20:08","modified_gmt":"2010-10-11T14:20:08","slug":"about","status":"publish","type":"page","link":"https:\/\/www.patxitaxi.com\/blog\/about\/","title":{"rendered":"MINIBUSES"},"content":{"rendered":"<p style=\"text-align:center;\">&nbsp;<\/p>\n<p style=\"text-align:center;\"><a href=\"http:\/\/patxitaxi.files.wordpress.com\/2010\/10\/vipservices2.jpg\"><img loading=\"lazy\" class=\"aligncenter size-medium wp-image-33\" title=\"VIPSERVICES2\" src=\"http:\/\/patxitaxi.files.wordpress.com\/2010\/10\/vipservices2.jpg?w=300\" alt=\"\" width=\"300\" height=\"200\" \/><\/a><\/p>\n<p>S\u00ed necesitan un traslado para m\u00e1s de 3 personas, es interesante valorar la posibilidad de reservar un veh\u00edculo de gran capacidad para viajar confortablemente, en <a class=\"wpGallery\" title=\"furgonetas con conductor\" href=\"http:\/\/www.patxitaxi.com\">www.patxitaxi.com<\/a> los hay hasta de 8 pax.<\/p>\n<p>Cada vez viajamos con m\u00e1s bultos y los veh\u00edculos estandar que encontramos en los aeropuertos no suelen tener capacidad para todo nuestro equipaje. Reservando su traslado usted podr\u00e1 llevar su bicicleta, material de trabajo o grandes maletas y bultos, sin preocuparse.<\/p>\n<p>Si usted viaja en familia y son mas de 4 PAX, la mejor forma de no llevarse sorpresas a la llegada a un aeropuerto, es reservar un servicio de minibus o minivan. De esa manera todo su equipaje y familia viajaran c\u00f3modos incluso si necesita sillas especiales para ni\u00f1os o bebes.<\/p>\n<p>Mercedes Clase V, Viano y Wolkswagen Transposter y Carabelle<\/p>\n","protected":false},"excerpt":{"rendered":"<p>&nbsp; S\u00ed necesitan un traslado para m\u00e1s de 3 personas, es interesante valorar la posibilidad de reservar un veh\u00edculo de gran capacidad para viajar confortablemente, en www.patxitaxi.com los hay hasta de 8 pax. Cada vez viajamos con m\u00e1s bultos y &hellip; <a href=\"https:\/\/www.patxitaxi.com\/blog\/about\/\">Continue reading <span class=\"meta-nav\">&rarr;<\/span><\/a><\/p>\n","protected":false},"author":1,"featured_media":0,"parent":0,"menu_order":0,"comment_status":"open","ping_status":"open","template":"","meta":[],"_links":{"self":[{"href":"https:\/\/www.patxitaxi.com\/blog\/wp-json\/wp\/v2\/pages\/6"}],"collection":[{"href":"https:\/\/www.patxitaxi.com\/blog\/wp-json\/wp\/v2\/pages"}],"about":[{"href":"https:\/\/www.patxitaxi.com\/blog\/wp-json\/wp\/v2\/types\/page"}],"author":[{"embeddable":true,"href":"https:\/\/www.patxitaxi.com\/blog\/wp-json\/wp\/v2\/users\/1"}],"replies":[{"embeddable":true,"href":"https:\/\/www.patxitaxi.com\/blog\/wp-json\/wp\/v2\/comments?post=6"}],"version-history":[{"count":0,"href":"https:\/\/www.patxitaxi.com\/blog\/wp-json\/wp\/v2\/pages\/6\/revisions"}],"wp:attachment":[{"href":"https:\/\/www.patxitaxi.com\/blog\/wp-json\/wp\/v2\/media?parent=6"}],"curies":[{"name":"wp","href":"https:\/\/api.w.org\/{rel}","templated":true}]}}